{"id":62,"date":"2024-05-27T05:42:31","date_gmt":"2024-05-27T05:42:31","guid":{"rendered":"https:\/\/lapulperiastore.com\/about-2\/"},"modified":"2025-01-05T14:49:50","modified_gmt":"2025-01-05T20:49:50","slug":"about-us","status":"publish","type":"page","link":"https:\/\/lapulperiastore.com\/es\/about-us\/","title":{"rendered":"About Us"},"content":{"rendered":"<div id=\"page-header-123536077\" class=\"page-header-wrapper\">\n  <div class=\"page-title dark featured-title\">\n\n        <div class=\"page-title-bg\">\n      <div class=\"title-bg fill bg-fill\"\n        data-parallax-container=\".page-title\"\n        data-parallax-background\n data-parallax=\"-\">\n      <\/div>\n      <div class=\"title-overlay fill\"><\/div>\n    <\/div>\n    \n    <div class=\"page-title-inner container align-center text-center flex-row-col medium-flex-wrap\" >\n              <div class=\"title-wrapper is-large flex-col\">\n          <h1 class=\"entry-title mb-0\">\n            \u00a1Bienvenidos a La Pulper\u00eda!          <\/h1>\n        <\/div>\n                    <div class=\"title-content flex-col\">\n        <ul class=\"nav sm-touch-scroll nav-line nav-uppercase text-center nav-center\"><li class=\"nav-single-page hidden\"><\/li><\/ul>      <\/div>\n    <\/div>\n\n     \n<style>\n#page-header-123536077 .page-title-inner {\n  min-height: 250px;\n}\n#page-header-123536077 .title-bg {\n  background-image: url(https:\/\/lapulperiastore.com\/wp-content\/uploads\/2025\/01\/AdobeStock_485959713-min-scaled.jpeg);\n  background-position: 17% 68%;\n}\n<\/style>\n  <\/div>\n    <\/div>\n  \n\n\n\t<section class=\"section\" id=\"section_708100288\">\n\t\t<div class=\"section-bg fill\" >\n\t\t\t<img loading=\"lazy\" decoding=\"async\" width=\"4216\" height=\"3016\" src=\"https:\/\/lapulperiastore.com\/wp-content\/uploads\/2025\/01\/Recurso_13x.png\" class=\"bg attachment- size-\" alt=\"fondo\" \/>\t\t\t\t\t\t<div class=\"section-bg-overlay absolute fill\"><\/div>\n\t\t\t\n\n\t\t<\/div>\n\n\t\t\n\n\t\t<div class=\"section-content relative\">\n\t\t\t\n\n<div class=\"row\"  id=\"row-700366983\">\n\n\n\t<div id=\"col-1140547240\" class=\"col large-12\"  >\n\t\t\t\t<div class=\"col-inner\"  >\n\t\t\t\n\t\t\t\n\n\t<div id=\"gap-28651630\" class=\"gap-element clearfix\" style=\"display:block; height:auto;\">\n\t\t\n<style>\n#gap-28651630 {\n  padding-top: 30px;\n}\n<\/style>\n\t<\/div>\n\t\n\n<h1>Su conexi\u00f3n con el coraz\u00f3n de los aut\u00e9nticos aperitivos y comestibles hispanos.<\/h1>\n<p>La Pulper\u00eda naci\u00f3 de un deseo simple pero poderoso: traer los aut\u00e9nticos sabores de Am\u00e9rica Latina a los Estados Unidos. Nuestro fundador, Julio, echaba de menos la comida de su infancia hondure\u00f1a y salvadore\u00f1a tras emigrar a Estados Unidos. A\u00f1oraba el sabor de las baleadas, pupusas, ponches y otras delicias que le recordaban a su hogar. Para llenar este vac\u00edo y compartir su herencia con los dem\u00e1s, cre\u00f3 La Pulper\u00eda.<\/p>\n\n\t\t<\/div>\n\t\t\t\t\t<\/div>\n\n\t\n\n\t<div id=\"col-972263875\" class=\"col large-12\"  >\n\t\t\t\t<div class=\"col-inner\"  >\n\t\t\t\n\t\t\t\n\n\t<div id=\"gap-433429031\" class=\"gap-element clearfix\" style=\"display:block; height:auto;\">\n\t\t\n<style>\n#gap-433429031 {\n  padding-top: 30px;\n}\n<\/style>\n\t<\/div>\n\t\n\n<h2>Nuestra misi\u00f3n: Unir culturas a trav\u00e9s de la comida<\/h2>\n<p>En La Pulper\u00eda somos m\u00e1s que una tienda online. Somos una empresa familiar basada en los valores de honestidad, transparencia y orientaci\u00f3n al cliente. Nos apasiona ofrecer una cuidada selecci\u00f3n de productos hispanos de alta calidad, desde aperitivos salados hasta dulces y productos b\u00e1sicos de despensa. Creemos en el poder de la comida para conectar a las personas, evocar recuerdos y crear un sentimiento de comunidad.<\/p>\n\n\n\t\t<\/div>\n\t\t\t\t\t<\/div>\n\n\t\n\n\t<div id=\"col-1565335792\" class=\"col large-12\"  >\n\t\t\t\t<div class=\"col-inner\"  >\n\t\t\t\n\t\t\t\n\n\t<div id=\"gap-971277542\" class=\"gap-element clearfix\" style=\"display:block; height:auto;\">\n\t\t\n<style>\n#gap-971277542 {\n  padding-top: 30px;\n}\n<\/style>\n\t<\/div>\n\t\n\n<h2>Nuestra visi\u00f3n: Sabores hogare\u00f1os, est\u00e9s donde est\u00e9s<\/h2>\n<p data-sourcepos=\"13:1-13:337\">Imaginamos un futuro en el que La Pulper\u00eda sea un nombre familiar entre la comunidad hispana de Estados Unidos y de otros pa\u00edses. Nos esforzamos por ser su fuente de confianza de aut\u00e9nticos sabores latinoamericanos, entregados directamente a su puerta. Estamos comprometidos a proporcionar un servicio al cliente excepcional y hacer que su experiencia de compra sea lo m\u00e1s agradable posible.<\/p>\n<p data-sourcepos=\"15:1-15:121\">Acomp\u00e1\u00f1enos en este viaje para celebrar los sabores, las tradiciones y el esp\u00edritu de Am\u00e9rica Latina.<\/p>\n<p data-sourcepos=\"15:1-15:121\">\u00a0<\/p>\n\n\t\t<\/div>\n\t\t\t\t\t<\/div>\n\n\t\n\n<\/div>\n\n\t\t<\/div>\n\n\t\t\n<style>\n#section_708100288 {\n  padding-top: 30px;\n  padding-bottom: 30px;\n  background-color: #fff8e3;\n}\n#section_708100288 .section-bg-overlay {\n  background-color: rgba(255, 248, 227, 0.965);\n}\n<\/style>\n\t<\/section>","protected":false},"excerpt":{"rendered":"","protected":false},"author":2,"featured_media":0,"parent":0,"menu_order":0,"comment_status":"closed","ping_status":"closed","template":"page-blank.php","meta":{"_surecart_dashboard_logo_width":"180px","_surecart_dashboard_show_logo":true,"_surecart_dashboard_navigation_orders":true,"_surecart_dashboard_navigation_invoices":true,"_surecart_dashboard_navigation_subscriptions":true,"_surecart_dashboard_navigation_downloads":true,"_surecart_dashboard_navigation_billing":true,"_surecart_dashboard_navigation_account":true,"footnotes":""},"class_list":["post-62","page","type-page","status-publish","hentry"],"_links":{"self":[{"href":"https:\/\/lapulperiastore.com\/es\/wp-json\/wp\/v2\/pages\/62","targetHints":{"allow":["GET"]}}],"collection":[{"href":"https:\/\/lapulperiastore.com\/es\/wp-json\/wp\/v2\/pages"}],"about":[{"href":"https:\/\/lapulperiastore.com\/es\/wp-json\/wp\/v2\/types\/page"}],"author":[{"embeddable":true,"href":"https:\/\/lapulperiastore.com\/es\/wp-json\/wp\/v2\/users\/2"}],"replies":[{"embeddable":true,"href":"https:\/\/lapulperiastore.com\/es\/wp-json\/wp\/v2\/comments?post=62"}],"version-history":[{"count":5,"href":"https:\/\/lapulperiastore.com\/es\/wp-json\/wp\/v2\/pages\/62\/revisions"}],"predecessor-version":[{"id":1794,"href":"https:\/\/lapulperiastore.com\/es\/wp-json\/wp\/v2\/pages\/62\/revisions\/1794"}],"wp:attachment":[{"href":"https:\/\/lapulperiastore.com\/es\/wp-json\/wp\/v2\/media?parent=62"}],"curies":[{"name":"wp","href":"https:\/\/api.w.org\/{rel}","templated":true}]}}